{"id":2807,"date":"2023-10-23T14:16:06","date_gmt":"2023-10-23T12:16:06","guid":{"rendered":"https:\/\/saliba.de\/?page_id=2807"},"modified":"2025-10-10T12:53:45","modified_gmt":"2025-10-10T10:53:45","slug":"madraset","status":"publish","type":"page","link":"https:\/\/saliba.de\/en\/madraset\/","title":{"rendered":"Madraset ibn Saliba Cooking School"},"content":{"rendered":"<p><a href=\"https:\/\/maps.app.goo.gl\/1dLtxYdktbtQYz2i6\" target=\"_blank\" rel=\"noopener\">Eppendorfer Weg 91<\/a><\/p>\n\n\n\n<p>Our COOKING COURSES and our cooking event take place here.<\/p>\n\n\n\n<p>A kitchen-cum-living room just like in your home country, simply to feel good in. Decorated with family pictures, the seating upholstered with fabrics from Damascus. After an enjoyable meal, you can play backgammon and drink mocha with cardamom. A piece of private, familiar Syria in the middle of Eimsb\u00fcttel.<\/p>\n\n\n\n<figure class=\"wp-block-image\"><img decoding=\"async\" src=\"https:\/\/spcdn.shortpixel.ai\/spio\/ret_img,q_cdnize,to_auto,s_webp:avif\/saliba.de\/wp-content\/uploads\/2023\/10\/herd-534x363-1.jpg\" alt=\"stove_534x363\" title=\"stove_534x363\"\/><\/figure>\n\n\n\n<h2 class=\"wp-block-heading\">Cooking event with cooking course for groups<\/h2>\n\n\n\n<p>We cook the <strong>classic Levantine cuisine<\/strong>. Our wines come from Lebanon.<\/p>\n\n\n\n<p>In the company of your colleagues, family or friends, you can enjoy a <strong>Book a cooking event<\/strong>.<\/p>\n\n\n\n<p><a href=\"https:\/\/saliba.de\/en\/saliba-cooking-courses-2026\/\">You can find the next dates for the popular cooking courses here....<\/a><\/p>\n\n\n\n<p><strong>The price for 10 participants per event is: 1.250,- Euro<\/strong> including food, wine and water.<br>Additional participants (max. 15): 125,- Euro per person.<br>Additional drinks will be charged according to consumption.<\/p>\n\n\n\n<p>We look forward to your inquiries at <a href=\"mailto:madraset@saliba.de\">madraset@saliba.de<\/a>.<\/p>\n\n\n\n<p>All prices plus VAT.<\/p>\n\n\n\n<p>MADRASET ibn Saliba, Eppendorfer Weg 91, 20259 Hamburg<\/p>\n\n\n\n<p><\/p>","protected":false},"excerpt":{"rendered":"<p>Eppendorfer Weg 91 Hier finden unsere KOCHKURSE und unser Kochevent statt. Eine Wohnk\u00fcche wie in der Heimat, einfach zum Wohlf\u00fchlen. Best\u00fcckt mit Familienbildern, die Sitzm\u00f6bel bezogen mit Stoffen aus Damaskus. Hier spielt man nach dem genussvollen Mahl Backgammon und trinkt Mokka mit Kardamom. Ein St\u00fcck privates famili\u00e4res Syrien mitten in Eimsb\u00fcttel. Kochevent mit Kochkurs f\u00fcr [&hellip;]<\/p>\n","protected":false},"author":31,"featured_media":2811,"parent":0,"menu_order":0,"comment_status":"closed","ping_status":"closed","template":"","meta":{"_acf_changed":false,"footnotes":""},"page-cat":[],"class_list":["post-2807","page","type-page","status-publish","has-post-thumbnail","hentry"],"acf":[],"_links":{"self":[{"href":"https:\/\/saliba.de\/en\/wp-json\/wp\/v2\/pages\/2807","targetHints":{"allow":["GET"]}}],"collection":[{"href":"https:\/\/saliba.de\/en\/wp-json\/wp\/v2\/pages"}],"about":[{"href":"https:\/\/saliba.de\/en\/wp-json\/wp\/v2\/types\/page"}],"author":[{"embeddable":true,"href":"https:\/\/saliba.de\/en\/wp-json\/wp\/v2\/users\/31"}],"replies":[{"embeddable":true,"href":"https:\/\/saliba.de\/en\/wp-json\/wp\/v2\/comments?post=2807"}],"version-history":[{"count":0,"href":"https:\/\/saliba.de\/en\/wp-json\/wp\/v2\/pages\/2807\/revisions"}],"wp:featuredmedia":[{"embeddable":true,"href":"https:\/\/saliba.de\/en\/wp-json\/wp\/v2\/media\/2811"}],"wp:attachment":[{"href":"https:\/\/saliba.de\/en\/wp-json\/wp\/v2\/media?parent=2807"}],"wp:term":[{"taxonomy":"page-cat","embeddable":true,"href":"https:\/\/saliba.de\/en\/wp-json\/wp\/v2\/page-cat?post=2807"}],"curies":[{"name":"wp","href":"https:\/\/api.w.org\/{rel}","templated":true}]}}