{"id":2796,"date":"2023-10-15T19:57:23","date_gmt":"2023-10-15T17:57:23","guid":{"rendered":"https:\/\/saliba.de\/?page_id=2796"},"modified":"2023-11-23T17:10:44","modified_gmt":"2023-11-23T16:10:44","slug":"kifak-inta-separee","status":"publish","type":"page","link":"https:\/\/saliba.de\/en\/kifak-inta-separee\/","title":{"rendered":"Kifak Inta S\u00e9par\u00e9e"},"content":{"rendered":"<p>The jewel in the crown of the Saliba<\/p>\n\n\n\n<p>The new S\u00e9par\u00e9e stands for an intimacy that goes beyond what the existing rooms at Saliba Alsterarkaden have to offer. Gather there with your family and best friends - after the wedding ceremony in the town hall or in one of the countless beautiful churches nearby (St. Petri, St. Katharinen or the Michel). Receive the congratulations and complete the wedding photos in the historic Mellin Passage ...<\/p>\n\n\n\n<p>A unique room, but also for any other celebration where a certain exclusivity is desired, an intimate feel-good place with a magical atmosphere.<\/p>\n\n\n\n<p>In the <strong>kifak inta s\u00e9par\u00e9e <\/strong>we serve <strong>an exclusive menu<\/strong>that will relieve you as host of all decisions and care. You can be host and guest - in one person. The excellent dishes of the Saliba will be celebrated course by course and all your beverage wishes will be fulfilled.<\/p>\n\n\n\n<figure class=\"wp-block-image\"><img decoding=\"async\" src=\"https:\/\/spcdn.shortpixel.ai\/spio\/ret_img,q_cdnize,to_auto,s_webp:avif\/saliba.de\/wp-content\/uploads\/2023\/10\/kis-detail-534x400-1.jpg\" alt=\"KIS_detail_534x400\" style=\"aspect-ratio:16\/9;object-fit:cover\" title=\"KIS_detail_534x400\"\/><\/figure>\n\n\n\n<h3 class=\"wp-block-heading\">Menu Saliba Symphony<\/h3>\n\n\n\n<p>Rich abundance, powerful harmony of different, interacting details - this is how the dictionary describes \"symphony\" and that is exactly what this menu is, <strong>that begins with the mazza<\/strong>the nation's famous appetizer.<\/p>\n\n\n\n<p>Relax ... and look forward to <strong>a sophisticated menu<\/strong> in splendid variety.<\/p>\n\n\n\n<p><strong>These drinks<\/strong> will accompany your Damascene journey: Champagne as an aperitif, great white wines from German winegrowers and Lebanese and Syrian red wines that need not fear comparison with top Bordeaux ch\u00e2teaux. You can choose non-alcoholic drinks according to your wishes.<\/p>\n\n\n\n<p>If you would like to enjoy the <strong>kifak inta s\u00e9par\u00e9e<\/strong> and would like to experience our idea of hospitality, we look forward to receiving your inquiry at <a href=\"mailto:info@saliba.de?subject=Anfrage_Kifak_inta_separee\">info@saliba.de<\/a>.<\/p>\n\n\n\n<p>And to the organization of your unforgettable evening.<\/p>\n\n\n\n<p>Your Saliba Team<\/p>","protected":false},"excerpt":{"rendered":"<p>Das Juwel in der Krone des Saliba Das neue S\u00e9par\u00e9e steht f\u00fcr eine Intimit\u00e4t, die \u00fcber das hinausgeht, was die vorhandenen R\u00e4ume des Saliba Alsterarkaden zu bieten haben. Sich dort im Kreis der Familie und den besten Freunden einfinden &#8211; nach der Trauung im Rathaus oder in einer der unz\u00e4hligen wundersch\u00f6nen Kirchen in unserer N\u00e4he [&hellip;]<\/p>\n","protected":false},"author":31,"featured_media":2803,"parent":0,"menu_order":0,"comment_status":"closed","ping_status":"closed","template":"","meta":{"_acf_changed":false,"footnotes":""},"page-cat":[],"class_list":["post-2796","page","type-page","status-publish","has-post-thumbnail","hentry"],"acf":[],"_links":{"self":[{"href":"https:\/\/saliba.de\/en\/wp-json\/wp\/v2\/pages\/2796","targetHints":{"allow":["GET"]}}],"collection":[{"href":"https:\/\/saliba.de\/en\/wp-json\/wp\/v2\/pages"}],"about":[{"href":"https:\/\/saliba.de\/en\/wp-json\/wp\/v2\/types\/page"}],"author":[{"embeddable":true,"href":"https:\/\/saliba.de\/en\/wp-json\/wp\/v2\/users\/31"}],"replies":[{"embeddable":true,"href":"https:\/\/saliba.de\/en\/wp-json\/wp\/v2\/comments?post=2796"}],"version-history":[{"count":0,"href":"https:\/\/saliba.de\/en\/wp-json\/wp\/v2\/pages\/2796\/revisions"}],"wp:featuredmedia":[{"embeddable":true,"href":"https:\/\/saliba.de\/en\/wp-json\/wp\/v2\/media\/2803"}],"wp:attachment":[{"href":"https:\/\/saliba.de\/en\/wp-json\/wp\/v2\/media?parent=2796"}],"wp:term":[{"taxonomy":"page-cat","embeddable":true,"href":"https:\/\/saliba.de\/en\/wp-json\/wp\/v2\/page-cat?post=2796"}],"curies":[{"name":"wp","href":"https:\/\/api.w.org\/{rel}","templated":true}]}}