{"id":2719,"date":"2023-05-03T19:12:27","date_gmt":"2023-05-03T17:12:27","guid":{"rendered":"https:\/\/saliba.de\/?page_id=2719"},"modified":"2023-05-03T19:12:27","modified_gmt":"2023-05-03T17:12:27","slug":"thank-you-for-your-registration","status":"publish","type":"page","link":"https:\/\/saliba.de\/en\/anmeldung-newsletter\/vielen-dank-fuer-ihre-anmeldung\/","title":{"rendered":"Thank you for subscribing to our newsletter!"},"content":{"rendered":"<p>Thank you very much for your interest in our newsletter.<\/p>\n<p><strong>Please note:<\/strong> You will first receive an e-mail from news@saliba.de in your mailbox. In this e-mail you will find a link with which you must confirm your registration. This is necessary for data protection reasons. By clicking on the link, you give your OK that you would like to receive our newsletter. After confirmation, you are registered for our newsletter.<\/p>\n<p>If you cannot find the e-mail in your inbox, please check your SPAM folder and add the address news@saliba.de to your contacts so that our newsletter can reach you.<\/p>\n<p>&nbsp;<\/p>","protected":false},"excerpt":{"rendered":"<p>Herzlichen Dank, dass Sie an unserem Newsletter interessiert sind. Bitte beachten Sie: Sie bekommen zun\u00e4chst eine E-Mail von news@saliba.de in Ihr Postfach. In dieser E-Mail finden Sie einen Link finden, mit dem Sie die Anmeldung best\u00e4tigen m\u00fcssen. Dies ist aus Datenschutzgr\u00fcnden notwendig. Mit dem Klick auf dem Link, geben Sie Ihr OK, dass Sie unseren [&hellip;]<\/p>\n","protected":false},"author":31,"featured_media":0,"parent":2031,"menu_order":0,"comment_status":"closed","ping_status":"closed","template":"","meta":{"_acf_changed":false,"footnotes":""},"page-cat":[],"class_list":["post-2719","page","type-page","status-publish","hentry"],"acf":[],"_links":{"self":[{"href":"https:\/\/saliba.de\/en\/wp-json\/wp\/v2\/pages\/2719","targetHints":{"allow":["GET"]}}],"collection":[{"href":"https:\/\/saliba.de\/en\/wp-json\/wp\/v2\/pages"}],"about":[{"href":"https:\/\/saliba.de\/en\/wp-json\/wp\/v2\/types\/page"}],"author":[{"embeddable":true,"href":"https:\/\/saliba.de\/en\/wp-json\/wp\/v2\/users\/31"}],"replies":[{"embeddable":true,"href":"https:\/\/saliba.de\/en\/wp-json\/wp\/v2\/comments?post=2719"}],"version-history":[{"count":0,"href":"https:\/\/saliba.de\/en\/wp-json\/wp\/v2\/pages\/2719\/revisions"}],"up":[{"embeddable":true,"href":"https:\/\/saliba.de\/en\/wp-json\/wp\/v2\/pages\/2031"}],"wp:attachment":[{"href":"https:\/\/saliba.de\/en\/wp-json\/wp\/v2\/media?parent=2719"}],"wp:term":[{"taxonomy":"page-cat","embeddable":true,"href":"https:\/\/saliba.de\/en\/wp-json\/wp\/v2\/page-cat?post=2719"}],"curies":[{"name":"wp","href":"https:\/\/api.w.org\/{rel}","templated":true}]}}