{"id":21,"date":"2020-11-24T19:50:26","date_gmt":"2020-11-24T19:50:26","guid":{"rendered":"https:\/\/weihnachten.saliba.de\/index.php\/versand__lieferung\/"},"modified":"2023-12-04T13:53:02","modified_gmt":"2023-12-04T12:53:02","slug":"shipping__delivery","status":"publish","type":"page","link":"https:\/\/saliba.de\/en\/shop\/versand__lieferung\/","title":{"rendered":"Shipping &amp; delivery"},"content":{"rendered":"<h1 class=\"wp-block-heading\">\n\t\tShipping and payment\n\t<\/h1>\n\n\n\n<p>The prices shown are final prices including VAT. In addition for&nbsp;<strong>Deliveries within the Federal Republic of Germany are subject to a flat-rate shipping charge of \u20ac 9.50 (\u20ac 16.50 for other European countries).<\/strong><\/p>\n\n\n\n<p>Vouchers are free of shipping costs. An additional shipping fee of \u20ac 5.00 per bottle will be charged from the second bottle onwards due to increased shipping costs.<\/p>\n\n\n\n<p>Please note: Unfortunately we cannot ship to packing stations.<\/p>\n\n\n\n<h3 class=\"wp-block-heading\">Terms of delivery<\/h3>\n\n\n\n<p><strong>The ordered goods are usually delivered within 3-4 days after receipt of payment.<\/strong>&nbsp;Delivery shall be made to the delivery address specified by the customer.<\/p>\n\n\n\n<p>If force majeure makes delivery or other performance impossible, Saliba e.K.'s obligation to perform shall be excluded. Any amounts already paid shall be reimbursed by Gebr. Saliba e.K. without delay. Saliba e.K. may also refuse performance if this requires an effort that is grossly disproportionate to the buyer's interest in the fulfillment of the purchase contract, taking into account the content of the purchase contract and the requirements of good faith. Should the delivery of the goods fail despite two attempts, the purchase contract shall automatically expire. Any amounts already paid will be refunded by Gebr. Saliba e.K. without delay. The shipping costs will not be refunded.<\/p>\n\n\n\n<h3 class=\"wp-block-heading\">Terms of payment<strong><br>\n<\/strong><\/h3>\n\n\n\n<p><strong>Prepayment:<\/strong><br>\nThe purchase price is due immediately upon receipt of the order confirmation. Payment shall be made in advance by bank transfer to the account:<br><strong>Bros. Saliba e.K.<\/strong><br><strong>Hamburg Savings Bank<\/strong><br><strong>BANK CODE: 200 505 50<\/strong><br><strong>Account no.: 1211 125 842<\/strong><br>\nIntended use: \"Your order no.\"\n<\/p>\n\n\n\n<figure class=\"wp-block-image\"><img decoding=\"async\" src=\"https:\/\/spcdn.shortpixel.ai\/spio\/ret_img,q_cdnize,to_auto,s_webp:avif\/saliba.de\/wp-content\/uploads\/2021\/02\/M2_Logo_02.jpg\" alt=\"\"\/><\/figure>\n\n\n\n<p><strong>PayPal:<\/strong>&nbsp;Pay conveniently and securely with PayPal. Our ordering system automatically forwards you to PayPal, where you then confirm the payment.\n<\/p>\n\n\n\n<h3 class=\"wp-block-heading\">Retention of title<\/h3>\n\n\n\n<p>The goods remain the property of Gebr. Saliba e.K. until full payment has been received.<\/p>","protected":false},"excerpt":{"rendered":"<p>Versand und Zahlung Die ausgezeichneten Preise sind Endpreise inklusive Mehrwertsteuer. Hinzu kommt fu\u0308r&nbsp;Lieferungen innerhalb der Bundesrepublik Deutschland eine Versandkostenpauschale in H\u00f6he von 9,50 \u20ac (Europ\u00e4isches Ausland 16,50 \u20ac). Gutscheine sind versandkostenfrei. Bei Flaschenversand f\u00e4llt aufgrund erh\u00f6hten Versandaufwands ab der zweiten Flasche pro Flasche eine zus\u00e4tzliche Versandgeb\u00fchr i. H. v. 5,00 \u20ac an. Bitte beachten Sie: [&hellip;]<\/p>\n","protected":false},"author":31,"featured_media":0,"parent":13,"menu_order":0,"comment_status":"closed","ping_status":"closed","template":"","meta":{"_acf_changed":false,"footnotes":""},"page-cat":[131],"class_list":["post-21","page","type-page","status-publish","hentry","page-cat-shop-subpage"],"acf":[],"_links":{"self":[{"href":"https:\/\/saliba.de\/en\/wp-json\/wp\/v2\/pages\/21","targetHints":{"allow":["GET"]}}],"collection":[{"href":"https:\/\/saliba.de\/en\/wp-json\/wp\/v2\/pages"}],"about":[{"href":"https:\/\/saliba.de\/en\/wp-json\/wp\/v2\/types\/page"}],"author":[{"embeddable":true,"href":"https:\/\/saliba.de\/en\/wp-json\/wp\/v2\/users\/31"}],"replies":[{"embeddable":true,"href":"https:\/\/saliba.de\/en\/wp-json\/wp\/v2\/comments?post=21"}],"version-history":[{"count":0,"href":"https:\/\/saliba.de\/en\/wp-json\/wp\/v2\/pages\/21\/revisions"}],"up":[{"embeddable":true,"href":"https:\/\/saliba.de\/en\/wp-json\/wp\/v2\/pages\/13"}],"wp:attachment":[{"href":"https:\/\/saliba.de\/en\/wp-json\/wp\/v2\/media?parent=21"}],"wp:term":[{"taxonomy":"page-cat","embeddable":true,"href":"https:\/\/saliba.de\/en\/wp-json\/wp\/v2\/page-cat?post=21"}],"curies":[{"name":"wp","href":"https:\/\/api.w.org\/{rel}","templated":true}]}}